{"id":99,"date":"2025-04-03T17:48:56","date_gmt":"2025-04-03T20:48:56","guid":{"rendered":"https:\/\/socialmastermidia.com\/index.php\/work\/"},"modified":"2025-05-14T18:33:54","modified_gmt":"2025-05-14T21:33:54","slug":"work","status":"publish","type":"page","link":"https:\/\/socialmastermidia.com\/index.php\/work\/","title":{"rendered":"Work"},"content":{"rendered":"\t\t<div data-elementor-type=\"wp-page\" data-elementor-id=\"99\" class=\"elementor elementor-99\" data-elementor-post-type=\"page\">\n\t\t\t\t<div class=\"elementor-element elementor-element-781e21d8 e-flex e-con-boxed e-con e-parent\" data-id=\"781e21d8\" data-element_type=\"container\">\n\t\t\t\t\t<div class=\"e-con-inner\">\n\t\t<div class=\"elementor-element elementor-element-7714ed70 e-flex e-con-boxed e-con e-child\" data-id=\"7714ed70\" data-element_type=\"container\">\n\t\t\t\t\t<div class=\"e-con-inner\">\n\t\t\t\t<div class=\"elementor-element elementor-element-1a5c16dc elementor-widget elementor-widget-heading\" data-id=\"1a5c16dc\" data-element_type=\"widget\" data-widget_type=\"heading.default\">\n\t\t\t\t<div class=\"elementor-widget-container\">\n\t\t\t\t\t<h1 class=\"elementor-heading-title elementor-size-default\">Nosso trabalho<\/h1>\t\t\t\t<\/div>\n\t\t\t\t<\/div>\n\t\t\t\t<div class=\"elementor-element elementor-element-195023a3 elementor-widget elementor-widget-text-editor\" data-id=\"195023a3\" data-element_type=\"widget\" data-widget_type=\"text-editor.default\">\n\t\t\t\t<div class=\"elementor-widget-container\">\n\t\t\t\t\t\t\t\t\t<p>Confira alguns dos projetos incr\u00edveis que ajudamos a dar vida<\/p>\t\t\t\t\t\t\t\t<\/div>\n\t\t\t\t<\/div>\n\t\t\t\t\t<\/div>\n\t\t\t\t<\/div>\n\t\t\t\t<div class=\"elementor-element elementor-element-4a132f80 elementor-grid-2 elementor-posts--align-center elementor-widget-mobile__width-inherit elementor-grid-tablet-2 elementor-grid-mobile-1 elementor-posts--thumbnail-top elementor-widget elementor-widget-posts\" data-id=\"4a132f80\" data-element_type=\"widget\" data-settings=\"{&quot;classic_columns&quot;:&quot;2&quot;,&quot;classic_row_gap&quot;:{&quot;unit&quot;:&quot;px&quot;,&quot;size&quot;:80,&quot;sizes&quot;:[]},&quot;classic_columns_tablet&quot;:&quot;2&quot;,&quot;classic_columns_mobile&quot;:&quot;1&quot;,&quot;classic_row_gap_tablet&quot;:{&quot;unit&quot;:&quot;px&quot;,&quot;size&quot;:&quot;&quot;,&quot;sizes&quot;:[]},&quot;classic_row_gap_mobile&quot;:{&quot;unit&quot;:&quot;px&quot;,&quot;size&quot;:&quot;&quot;,&quot;sizes&quot;:[]}}\" data-widget_type=\"posts.classic\">\n\t\t\t\t<div class=\"elementor-widget-container\">\n\t\t\t\t\t\t\t<div class=\"elementor-posts-container elementor-posts elementor-posts--skin-classic elementor-grid\">\n\t\t\t\t<article class=\"elementor-post elementor-grid-item post-137 post type-post status-publish format-standard has-post-thumbnail hentry category-blog\">\n\t\t\t\t<a class=\"elementor-post__thumbnail__link\" href=\"https:\/\/socialmastermidia.com\/index.php\/2025\/04\/03\/larecia\/\" tabindex=\"-1\" >\n\t\t\t<div class=\"elementor-post__thumbnail\"><img fetchpriority=\"high\" decoding=\"async\" width=\"1600\" height=\"800\" src=\"https:\/\/socialmastermidia.com\/wp-content\/uploads\/2025\/04\/Capa_Lar.png\" class=\"attachment-full size-full wp-image-495\" alt=\"\" srcset=\"https:\/\/socialmastermidia.com\/wp-content\/uploads\/2025\/04\/Capa_Lar.png 1600w, https:\/\/socialmastermidia.com\/wp-content\/uploads\/2025\/04\/Capa_Lar-300x150.png 300w, https:\/\/socialmastermidia.com\/wp-content\/uploads\/2025\/04\/Capa_Lar-1024x512.png 1024w, https:\/\/socialmastermidia.com\/wp-content\/uploads\/2025\/04\/Capa_Lar-768x384.png 768w, https:\/\/socialmastermidia.com\/wp-content\/uploads\/2025\/04\/Capa_Lar-1536x768.png 1536w\" sizes=\"(max-width: 1600px) 100vw, 1600px\" \/><\/div>\n\t\t<\/a>\n\t\t\t\t<div class=\"elementor-post__text\">\n\t\t\t\t<h3 class=\"elementor-post__title\">\n\t\t\t<a href=\"https:\/\/socialmastermidia.com\/index.php\/2025\/04\/03\/larecia\/\" >\n\t\t\t\tLar e Cia\t\t\t<\/a>\n\t\t<\/h3>\n\t\t\t\t<div class=\"elementor-post__excerpt\">\n\t\t\t<p>Cria\u00e7\u00e3o Site, Google Meu Neg\u00f3cio, Posts para Redes Sociais<\/p>\n\t\t<\/div>\n\t\t\t\t<\/div>\n\t\t\t\t<\/article>\n\t\t\t\t<article class=\"elementor-post elementor-grid-item post-136 post type-post status-publish format-standard has-post-thumbnail hentry category-blog\">\n\t\t\t\t<a class=\"elementor-post__thumbnail__link\" href=\"https:\/\/socialmastermidia.com\/index.php\/2025\/04\/03\/domevangelico\/\" tabindex=\"-1\" >\n\t\t\t<div class=\"elementor-post__thumbnail\"><img decoding=\"async\" width=\"1600\" height=\"800\" src=\"https:\/\/socialmastermidia.com\/wp-content\/uploads\/2025\/04\/Capa_Dom.png\" class=\"attachment-full size-full wp-image-494\" alt=\"\" srcset=\"https:\/\/socialmastermidia.com\/wp-content\/uploads\/2025\/04\/Capa_Dom.png 1600w, https:\/\/socialmastermidia.com\/wp-content\/uploads\/2025\/04\/Capa_Dom-300x150.png 300w, https:\/\/socialmastermidia.com\/wp-content\/uploads\/2025\/04\/Capa_Dom-1024x512.png 1024w, https:\/\/socialmastermidia.com\/wp-content\/uploads\/2025\/04\/Capa_Dom-768x384.png 768w, https:\/\/socialmastermidia.com\/wp-content\/uploads\/2025\/04\/Capa_Dom-1536x768.png 1536w\" sizes=\"(max-width: 1600px) 100vw, 1600px\" \/><\/div>\n\t\t<\/a>\n\t\t\t\t<div class=\"elementor-post__text\">\n\t\t\t\t<h3 class=\"elementor-post__title\">\n\t\t\t<a href=\"https:\/\/socialmastermidia.com\/index.php\/2025\/04\/03\/domevangelico\/\" >\n\t\t\t\tLoja Dom Evang\u00e9lico\t\t\t<\/a>\n\t\t<\/h3>\n\t\t\t\t<div class=\"elementor-post__excerpt\">\n\t\t\t<p>Suporte P\u00e1gina On-line, P\u00e1gina Google Meu Neg\u00f3cio Design <\/p>\n\t\t<\/div>\n\t\t\t\t<\/div>\n\t\t\t\t<\/article>\n\t\t\t\t<article class=\"elementor-post elementor-grid-item post-135 post type-post status-publish format-standard has-post-thumbnail hentry category-blog\">\n\t\t\t\t<a class=\"elementor-post__thumbnail__link\" href=\"https:\/\/socialmastermidia.com\/index.php\/2025\/04\/03\/alumifenas\/\" tabindex=\"-1\" >\n\t\t\t<div class=\"elementor-post__thumbnail\"><img decoding=\"async\" width=\"1600\" height=\"800\" src=\"https:\/\/socialmastermidia.com\/wp-content\/uploads\/2025\/04\/Capa_Alumi.png\" class=\"attachment-full size-full wp-image-493\" alt=\"\" srcset=\"https:\/\/socialmastermidia.com\/wp-content\/uploads\/2025\/04\/Capa_Alumi.png 1600w, https:\/\/socialmastermidia.com\/wp-content\/uploads\/2025\/04\/Capa_Alumi-300x150.png 300w, https:\/\/socialmastermidia.com\/wp-content\/uploads\/2025\/04\/Capa_Alumi-1024x512.png 1024w, https:\/\/socialmastermidia.com\/wp-content\/uploads\/2025\/04\/Capa_Alumi-768x384.png 768w, https:\/\/socialmastermidia.com\/wp-content\/uploads\/2025\/04\/Capa_Alumi-1536x768.png 1536w\" sizes=\"(max-width: 1600px) 100vw, 1600px\" \/><\/div>\n\t\t<\/a>\n\t\t\t\t<div class=\"elementor-post__text\">\n\t\t\t\t<h3 class=\"elementor-post__title\">\n\t\t\t<a href=\"https:\/\/socialmastermidia.com\/index.php\/2025\/04\/03\/alumifenas\/\" >\n\t\t\t\tAlumifenas\t\t\t<\/a>\n\t\t<\/h3>\n\t\t\t\t<div class=\"elementor-post__excerpt\">\n\t\t\t<p>Redes Sociais, Perfil Google Meu Neg\u00f3cio, Hospedagem do site institucional<\/p>\n\t\t<\/div>\n\t\t\t\t<\/div>\n\t\t\t\t<\/article>\n\t\t\t\t<article class=\"elementor-post elementor-grid-item post-134 post type-post status-publish format-standard has-post-thumbnail hentry category-blog\">\n\t\t\t\t<a class=\"elementor-post__thumbnail__link\" href=\"https:\/\/socialmastermidia.com\/index.php\/2025\/04\/03\/drjoaopaulo\/\" tabindex=\"-1\" >\n\t\t\t<div class=\"elementor-post__thumbnail\"><img loading=\"lazy\" decoding=\"async\" width=\"1600\" height=\"800\" src=\"https:\/\/socialmastermidia.com\/wp-content\/uploads\/2025\/04\/Capa_JP.png\" class=\"attachment-full size-full wp-image-492\" alt=\"\" srcset=\"https:\/\/socialmastermidia.com\/wp-content\/uploads\/2025\/04\/Capa_JP.png 1600w, https:\/\/socialmastermidia.com\/wp-content\/uploads\/2025\/04\/Capa_JP-300x150.png 300w, https:\/\/socialmastermidia.com\/wp-content\/uploads\/2025\/04\/Capa_JP-1024x512.png 1024w, https:\/\/socialmastermidia.com\/wp-content\/uploads\/2025\/04\/Capa_JP-768x384.png 768w, https:\/\/socialmastermidia.com\/wp-content\/uploads\/2025\/04\/Capa_JP-1536x768.png 1536w\" sizes=\"(max-width: 1600px) 100vw, 1600px\" \/><\/div>\n\t\t<\/a>\n\t\t\t\t<div class=\"elementor-post__text\">\n\t\t\t\t<h3 class=\"elementor-post__title\">\n\t\t\t<a href=\"https:\/\/socialmastermidia.com\/index.php\/2025\/04\/03\/drjoaopaulo\/\" >\n\t\t\t\tDr. Jo\u00e3o Paulo\t\t\t<\/a>\n\t\t<\/h3>\n\t\t\t\t<div class=\"elementor-post__excerpt\">\n\t\t\t<p>Redes Sociais, Artes Gr\u00e1ficas, Cria\u00e7\u00e3o de Conte\u00fado, Edi\u00e7\u00e3o de V\u00eddeo<\/p>\n\t\t<\/div>\n\t\t\t\t<\/div>\n\t\t\t\t<\/article>\n\t\t\t\t<article class=\"elementor-post elementor-grid-item post-133 post type-post status-publish format-standard has-post-thumbnail hentry category-blog\">\n\t\t\t\t<a class=\"elementor-post__thumbnail__link\" href=\"https:\/\/socialmastermidia.com\/index.php\/2025\/04\/03\/juttacoffee\/\" tabindex=\"-1\" >\n\t\t\t<div class=\"elementor-post__thumbnail\"><img loading=\"lazy\" decoding=\"async\" width=\"1600\" height=\"800\" src=\"https:\/\/socialmastermidia.com\/wp-content\/uploads\/2025\/04\/Capa_Jutta.png\" class=\"attachment-full size-full wp-image-491\" alt=\"\" srcset=\"https:\/\/socialmastermidia.com\/wp-content\/uploads\/2025\/04\/Capa_Jutta.png 1600w, https:\/\/socialmastermidia.com\/wp-content\/uploads\/2025\/04\/Capa_Jutta-300x150.png 300w, https:\/\/socialmastermidia.com\/wp-content\/uploads\/2025\/04\/Capa_Jutta-1024x512.png 1024w, https:\/\/socialmastermidia.com\/wp-content\/uploads\/2025\/04\/Capa_Jutta-768x384.png 768w, https:\/\/socialmastermidia.com\/wp-content\/uploads\/2025\/04\/Capa_Jutta-1536x768.png 1536w\" sizes=\"(max-width: 1600px) 100vw, 1600px\" \/><\/div>\n\t\t<\/a>\n\t\t\t\t<div class=\"elementor-post__text\">\n\t\t\t\t<h3 class=\"elementor-post__title\">\n\t\t\t<a href=\"https:\/\/socialmastermidia.com\/index.php\/2025\/04\/03\/juttacoffee\/\" >\n\t\t\t\tJutta Coffee\t\t\t<\/a>\n\t\t<\/h3>\n\t\t\t\t<div class=\"elementor-post__excerpt\">\n\t\t\t<p>Cria\u00e7\u00e3o de Site Institucional, Cria\u00e7\u00e3o da Loja on-line<\/p>\n\t\t<\/div>\n\t\t\t\t<\/div>\n\t\t\t\t<\/article>\n\t\t\t\t<article class=\"elementor-post elementor-grid-item post-131 post type-post status-publish format-standard has-post-thumbnail hentry category-blog\">\n\t\t\t\t<a class=\"elementor-post__thumbnail__link\" href=\"https:\/\/socialmastermidia.com\/index.php\/2025\/04\/03\/pecpro\/\" tabindex=\"-1\" >\n\t\t\t<div class=\"elementor-post__thumbnail\"><img loading=\"lazy\" decoding=\"async\" width=\"1600\" height=\"800\" src=\"https:\/\/socialmastermidia.com\/wp-content\/uploads\/2025\/04\/Capa_Pec.png\" class=\"attachment-full size-full wp-image-496\" alt=\"\" srcset=\"https:\/\/socialmastermidia.com\/wp-content\/uploads\/2025\/04\/Capa_Pec.png 1600w, https:\/\/socialmastermidia.com\/wp-content\/uploads\/2025\/04\/Capa_Pec-300x150.png 300w, https:\/\/socialmastermidia.com\/wp-content\/uploads\/2025\/04\/Capa_Pec-1024x512.png 1024w, https:\/\/socialmastermidia.com\/wp-content\/uploads\/2025\/04\/Capa_Pec-768x384.png 768w, https:\/\/socialmastermidia.com\/wp-content\/uploads\/2025\/04\/Capa_Pec-1536x768.png 1536w\" sizes=\"(max-width: 1600px) 100vw, 1600px\" \/><\/div>\n\t\t<\/a>\n\t\t\t\t<div class=\"elementor-post__text\">\n\t\t\t\t<h3 class=\"elementor-post__title\">\n\t\t\t<a href=\"https:\/\/socialmastermidia.com\/index.php\/2025\/04\/03\/pecpro\/\" >\n\t\t\t\tPecpro\t\t\t<\/a>\n\t\t<\/h3>\n\t\t\t\t<div class=\"elementor-post__excerpt\">\n\t\t\t<p>Design, Google Meu Neg\u00f3cio, Artes Gr\u00e1ficas<\/p>\n\t\t<\/div>\n\t\t\t\t<\/div>\n\t\t\t\t<\/article>\n\t\t\t\t<\/div>\n\t\t\n\t\t\t\t\t\t<\/div>\n\t\t\t\t<\/div>\n\t\t\t\t\t<\/div>\n\t\t\t\t<\/div>\n\t\t\t\t<\/div>\n\t\t","protected":false},"excerpt":{"rendered":"<p>Nosso trabalho Confira alguns dos projetos incr\u00edveis que ajudamos a dar vida<\/p>\n","protected":false},"author":1,"featured_media":0,"parent":0,"menu_order":0,"comment_status":"closed","ping_status":"closed","template":"elementor_header_footer","meta":{"_joinchat":[],"footnotes":""},"class_list":["post-99","page","type-page","status-publish","hentry"],"_links":{"self":[{"href":"https:\/\/socialmastermidia.com\/index.php\/wp-json\/wp\/v2\/pages\/99","targetHints":{"allow":["GET"]}}],"collection":[{"href":"https:\/\/socialmastermidia.com\/index.php\/wp-json\/wp\/v2\/pages"}],"about":[{"href":"https:\/\/socialmastermidia.com\/index.php\/wp-json\/wp\/v2\/types\/page"}],"author":[{"embeddable":true,"href":"https:\/\/socialmastermidia.com\/index.php\/wp-json\/wp\/v2\/users\/1"}],"replies":[{"embeddable":true,"href":"https:\/\/socialmastermidia.com\/index.php\/wp-json\/wp\/v2\/comments?post=99"}],"version-history":[{"count":14,"href":"https:\/\/socialmastermidia.com\/index.php\/wp-json\/wp\/v2\/pages\/99\/revisions"}],"predecessor-version":[{"id":519,"href":"https:\/\/socialmastermidia.com\/index.php\/wp-json\/wp\/v2\/pages\/99\/revisions\/519"}],"wp:attachment":[{"href":"https:\/\/socialmastermidia.com\/index.php\/wp-json\/wp\/v2\/media?parent=99"}],"curies":[{"name":"wp","href":"https:\/\/api.w.org\/{rel}","templated":true}]}}